{"id":161,"date":"2019-08-25T07:21:47","date_gmt":"2019-08-25T05:21:47","guid":{"rendered":"http:\/\/fotodrustvo-kranj.si\/pokrajina\/?page_id=161"},"modified":"2023-06-30T09:45:03","modified_gmt":"2023-06-30T07:45:03","slug":"paypal-15e","status":"publish","type":"page","link":"https:\/\/www.fotodrustvo-kranj.si\/pokrajina\/paypal-15e\/","title":{"rendered":"PayPal"},"content":{"rendered":"<p>Pristojbina zna\u0161a <strong>15 EUR<\/strong> (mo\u017enost kataloga samo v elektronski obliki). Poravnate jo lahko preko ra\u010duna PayPal:<\/p>\n<div class='wpecpp-container wpecpp-align-left'><form class='wpecpp-form' target='_blank' id=rcf968ea9e7e81b4d2871009d663c06b6 action='https:\/\/www.paypal.com\/cgi-bin\/webscr' method='post'><input type='hidden' name='cmd' value='_xclick' \/><input type='hidden' name='business' value='fee@fotodrustvo-kranj.si' \/><input type='hidden' name='currency_code' value='EUR' \/><input type='hidden' name='lc' value='en_US'><input type='hidden' name='no_note' value=''><input type='hidden' name='paymentaction' value='sale'><input type='hidden' name='return' value='http:\/\/fotodrustvo-kranj.si\/pokrajina\/paypal-thank-you\/' \/><input type='hidden' name='bn' value='WPPlugin_SP'><input type='hidden' name='cancel_return' value='http:\/\/fotodrustvo-kranj.si\/pokrajina\/cancel\/' \/><input style='border: none;' class='paypalbuttonimage' type='image' src='https:\/\/www.paypalobjects.com\/webstatic\/en_US\/i\/buttons\/buy-logo-medium.png' border='0' name='submit' alt='Make your payments with PayPal. It is free, secure, effective.' \/><img alt='' border='0' style='border:none;display:none;' src='https:\/\/www.paypal.com\/en_US\/i\/scr\/pixel.gif' width='1' height='1' \/><input type='hidden' name='item_name' value='Pokrajina-2023' \/><input type='hidden' name='amount' value='15' \/><\/form><\/div>\n<hr \/>\n<p><strong>Alternativne mo\u017enosti:<\/strong><br \/>\nNakazilo na na\u0161 ra\u010dun:<br \/>\nIBAN: SI56 0700 0000 0130 652<br \/>\nSWIFT: GORE SI 2X<br \/>\nTom\u0161i\u010deva 4, Kranj<\/p>\n","protected":false},"excerpt":{"rendered":"<p>Pristojbina zna\u0161a 15 EUR (mo\u017enost kataloga samo v elektronski obliki). Poravnate jo lahko preko ra\u010duna PayPal: Alternativne mo\u017enosti: Nakazilo na na\u0161 ra\u010dun: IBAN: SI56 0700 0000 0130 652 SWIFT: GORE SI 2X Tom\u0161i\u010deva 4, Kranj<\/p>\n","protected":false},"author":1,"featured_media":0,"parent":0,"menu_order":0,"comment_status":"closed","ping_status":"closed","template":"","meta":{"footnotes":""},"class_list":["post-161","page","type-page","status-publish","hentry"],"_links":{"self":[{"href":"https:\/\/www.fotodrustvo-kranj.si\/pokrajina\/wp-json\/wp\/v2\/pages\/161","targetHints":{"allow":["GET"]}}],"collection":[{"href":"https:\/\/www.fotodrustvo-kranj.si\/pokrajina\/wp-json\/wp\/v2\/pages"}],"about":[{"href":"https:\/\/www.fotodrustvo-kranj.si\/pokrajina\/wp-json\/wp\/v2\/types\/page"}],"author":[{"embeddable":true,"href":"https:\/\/www.fotodrustvo-kranj.si\/pokrajina\/wp-json\/wp\/v2\/users\/1"}],"replies":[{"embeddable":true,"href":"https:\/\/www.fotodrustvo-kranj.si\/pokrajina\/wp-json\/wp\/v2\/comments?post=161"}],"version-history":[{"count":14,"href":"https:\/\/www.fotodrustvo-kranj.si\/pokrajina\/wp-json\/wp\/v2\/pages\/161\/revisions"}],"predecessor-version":[{"id":368,"href":"https:\/\/www.fotodrustvo-kranj.si\/pokrajina\/wp-json\/wp\/v2\/pages\/161\/revisions\/368"}],"wp:attachment":[{"href":"https:\/\/www.fotodrustvo-kranj.si\/pokrajina\/wp-json\/wp\/v2\/media?parent=161"}],"curies":[{"name":"wp","href":"https:\/\/api.w.org\/{rel}","templated":true}]}}