{"id":17,"date":"2017-06-13T19:33:47","date_gmt":"2017-06-13T19:33:47","guid":{"rendered":"http:\/\/fotodrustvo-kranj.si\/pokrajina\/?page_id=17"},"modified":"2025-06-19T16:53:45","modified_gmt":"2025-06-19T14:53:45","slug":"about","status":"publish","type":"page","link":"https:\/\/www.fotodrustvo-kranj.si\/pokrajina\/about\/","title":{"rendered":"O pokrajini"},"content":{"rendered":"\n<p>Na nate\u010daju, ki je v skladu s pravili<strong> Fotografske zveze Slovenije<\/strong> (FZS), lahko sodelujejo vsi ljubiteljski in poklicni fotografi iz Slovenije in zamejstva.<\/p>\n\n\n\n<p>Nate\u010daj ima dve temi:<br><strong>A. \u010crno-bela pokrajina<br>B. Barvna pokrajina<\/strong><\/p>\n\n\n\n<p>Vsak udele\u017eenec lahko sodeluje s <strong>\u0161tirimi fotografijami na vsako temo. <\/strong>Fotografije, ki so \u017ee <strong>bile razstavljene<\/strong> ali so podobne tistim, ki so bile na predhodnih razstavah \u00bbPokrajina\u00ab, bo <strong>organizator izlo\u010dil.<\/strong><\/p>\n\n\n\n<p>Fotografije morajo biti v celoti <strong>avtorsko delo<\/strong> sodelujo\u010dega, za kar ta tudi prevzema vso odgovornost. Fotografije ne smejo biti produkt umetne inteligence.<\/p>\n\n\n\n<p>Fotografije v <strong>JPG formatu v RGB<\/strong> barvnem prostoru in ob lo\u010dljivosti <strong>300 dpi <\/strong>so lahko pokon\u010dne ali le\u017ee\u010de v velikosti <strong>20&#215;30 cm (3543 x 2362 slikovnih pik)<\/strong>. Glede na avtorjev koncept ima lahko fotografija tudi druga\u010dno razmerje stranic, pomembno je, da je fotografija znotraj definiranega prostora. Ena stranica mora imeti ali 20 ali 30 cm.<\/p>\n\n\n\n<p>Poimenovanje datotek je poljubno. Naslove fotografije boste vnesli v spletni aplikaciji. Omejitev<strong> pri naslovu je najve\u010d 20 znakov<\/strong>. Izogibajte se samih velikih tiskanih znakov. <strong>Velikost datotek<\/strong> ne sme pa presegati <strong>8 MB<\/strong>.<\/p>\n\n\n\n<p>Pri vpisu v prijavnico je potrebno obvezno ozna\u010diti, \u010de je bila fotografija narejena v Sloveniji. To je pogoj, da se lahko poteguje za nagrado \u00bbNajbolj\u0161a slovenska pokrajina\u00ab.<\/p>\n\n\n\n<p>Oddaja fotografij poteka elektronsko v spletni aplikaciji. Povezava za vstop do spletnega obrazca je na voljo na <a href=\"https:\/\/www.fotodrustvo-kranj.si\/pokrajina\/oddaja\/\"><strong>tukaj<\/strong><\/a>. Po uspe\u0161ni oddaji udele\u017eenec prejme sporo\u010dilo po e-po\u0161ti o sprejemu poslanih fotografij.<\/p>\n\n\n\n<p><strong>Pristojbina<\/strong> za udele\u017ebo na razstavi zna\u0161a <strong>15 EUR<\/strong>. Z dodatnimi <strong>5 EUR<\/strong> je mogo\u010de naro\u010diti <strong>katalog v tiskani obliki<\/strong>. Katalog v PDF obliki bo na voljo vsem udele\u017eencem. Pla\u010dilo je mo\u017eno preko PayPala ali nakazila UPN na ra\u010dun dru\u0161tva. Podrobnosti o pla\u010dilu pristojbine bodo dostopne v spletni aplikaciji po uspe\u0161ni oddaji del.<\/p>\n\n\n\n<p>V katalogu bo objavljena vsaj ena razstavljena fotografija vsakega avtorja. V spletni galeriji Fotografskega dru\u0161tva Janez Puhar Kranj bodo objavljene vse sprejete fotografije.<\/p>\n\n\n\n<p>Fotografije, ki ne bodo ustrezale zgoraj navedenim pogojem in za katere ne bo pla\u010dana pristojbina, ne bodo \u017eirirane.<\/p>\n\n\n\n<p>Organizator lahko poslana dela uporabi za nekomercialno promocijo oziroma predstavitev razstave v medijih in v katalogu. \u010ce se avtor s tem ne strinja, naj isto\u010dasno s prijavo to sporo\u010di organizatorju preko <a href=\"https:\/\/www.fotodrustvo-kranj.si\/pokrajina\/kontakt\/\"><strong>elektronske po\u0161te<\/strong><\/a>.<\/p>\n\n\n\n<p>Za najbolj\u0161a dela v vsaki temi bodo na slovesnosti ob odprtju razstave podeljena zlata, srebrna in bronasta medalja FZS ter zlata, srebrna in bronasta medalja Janez Puhar in \u0161e po 6 pohval FD Janez Puhar. <strong>\u017dirija bo dodelila zlato medaljo Janez Puhar za \u00bbNajbolj\u0161o slovensko pokrajino\u00ab<\/strong>. Omenjena izbrana in nagrajena fotografija (barvna ali \u010cB) ostane v trajni <strong>lasti Kabineta slovenske fotografije<\/strong>. Najbolj\u0161emu avtorju bo podeljena zlata medalja Janez Puhar. Razstava fotografij bo v Galeriji Mestne hi\u0161e v Kranju.<\/p>\n\n\n\n<p>Vsak udele\u017eenec prejme rezultate \u017eiriranja po elektronski po\u0161ti. Seznam sprejetih fotografij bo <a href=\"https:\/\/www.fotodrustvo-kranj.si\/pokrajina\/rezultati\/\"><strong>objavljen na spletni strani <\/strong><\/a>Fotografskega dru\u0161tva Janez Puhar Kranj .<\/p>\n\n\n\n<p>Sodelovanje na razstavi pomeni, da avtor sprejema pogoje, ki jih je organizator dolo\u010dil v gornjih to\u010dkah. Pravilnik zasebnosti FDJP Kranj je dosegljiv na<a href=\"https:\/\/www.fotodrustvo-kranj.si\/pokrajina\/wp-content\/uploads\/FDJP_Pravilnik_o_zasebnosti_2025.pdf\"><strong> spletni strani Pokrajine<\/strong><\/a>.<\/p>\n\n\n\n<p>Razstava fotografij bo v Galeriji Mestne hi\u0161e v Kranju.<\/p>\n","protected":false},"excerpt":{"rendered":"<p>Na nate\u010daju, ki je v skladu s pravili Fotografske zveze Slovenije (FZS), lahko sodelujejo vsi ljubiteljski in poklicni fotografi iz Slovenije in zamejstva. Nate\u010daj ima dve temi:A. \u010crno-bela pokrajinaB. Barvna pokrajina Vsak udele\u017eenec lahko sodeluje s \u0161tirimi fotografijami na vsako temo. Fotografije, ki so \u017ee bile razstavljene ali so podobne tistim, ki so bile na &hellip; <\/p>\n<p class=\"link-more\"><a href=\"https:\/\/www.fotodrustvo-kranj.si\/pokrajina\/about\/\" class=\"more-link\">Preberi ve\u010d<span class=\"screen-reader-text\"> &#8220;O pokrajini&#8221;<\/span><\/a><\/p>\n","protected":false},"author":1,"featured_media":0,"parent":0,"menu_order":0,"comment_status":"closed","ping_status":"closed","template":"","meta":{"footnotes":""},"class_list":["post-17","page","type-page","status-publish","hentry"],"_links":{"self":[{"href":"https:\/\/www.fotodrustvo-kranj.si\/pokrajina\/wp-json\/wp\/v2\/pages\/17","targetHints":{"allow":["GET"]}}],"collection":[{"href":"https:\/\/www.fotodrustvo-kranj.si\/pokrajina\/wp-json\/wp\/v2\/pages"}],"about":[{"href":"https:\/\/www.fotodrustvo-kranj.si\/pokrajina\/wp-json\/wp\/v2\/types\/page"}],"author":[{"embeddable":true,"href":"https:\/\/www.fotodrustvo-kranj.si\/pokrajina\/wp-json\/wp\/v2\/users\/1"}],"replies":[{"embeddable":true,"href":"https:\/\/www.fotodrustvo-kranj.si\/pokrajina\/wp-json\/wp\/v2\/comments?post=17"}],"version-history":[{"count":27,"href":"https:\/\/www.fotodrustvo-kranj.si\/pokrajina\/wp-json\/wp\/v2\/pages\/17\/revisions"}],"predecessor-version":[{"id":411,"href":"https:\/\/www.fotodrustvo-kranj.si\/pokrajina\/wp-json\/wp\/v2\/pages\/17\/revisions\/411"}],"wp:attachment":[{"href":"https:\/\/www.fotodrustvo-kranj.si\/pokrajina\/wp-json\/wp\/v2\/media?parent=17"}],"curies":[{"name":"wp","href":"https:\/\/api.w.org\/{rel}","templated":true}]}}