{"id":42,"date":"2017-06-13T20:57:47","date_gmt":"2017-06-13T20:57:47","guid":{"rendered":"http:\/\/fotodrustvo-kranj.si\/pokrajina\/?page_id=42"},"modified":"2025-10-18T17:46:24","modified_gmt":"2025-10-18T15:46:24","slug":"rezultati","status":"publish","type":"page","link":"https:\/\/www.fotodrustvo-kranj.si\/pokrajina\/rezultati\/","title":{"rendered":"Rezultati"},"content":{"rendered":"\n<p><\/p>\n\n\n\n<p><strong>Rezultati 2025<\/strong><\/p>\n\n\n\n<p><a href=\"https:\/\/www.fotodrustvo-kranj.si\/pokrajina\/wp-content\/uploads\/Pokrajina-2025-rezultati-splet.pdf\"><img loading=\"lazy\" decoding=\"async\" width=\"75\" height=\"75\" class=\"alignnone wp-image-98 size-full\" src=\"http:\/\/fotodrustvo-kranj.si\/pokrajina\/wp-content\/uploads\/pdf-icon-png-17-Custom.png\" alt=\"\"> Rezultati \u017eiriranja Pokrajine 2025<\/a><\/p>\n\n\n\n<p><a href=\"https:\/\/www.fotodrustvo-kranj.si\/pokrajina\/wp-content\/uploads\/Pokrajina-2025-rezultati-splet.xlsx\"><img loading=\"lazy\" decoding=\"async\" width=\"75\" height=\"77\" class=\"wp-image-424\" src=\"https:\/\/www.fotodrustvo-kranj.si\/pokrajina\/wp-content\/uploads\/Microsoft_Office_Excel_2025_75.png\" alt=\"\"> Rezultati \u017eiriranja Pokrajine 2025 (xlsx)<\/a><\/p>\n\n\n\n<p><\/p>\n\n\n\n<p><a href=\"https:\/\/www.fotodrustvo-kranj.si\/pokrajina\/wp-content\/uploads\/Zapisnik-ziriranja-Pokrajine-2025.pdf\"><img loading=\"lazy\" decoding=\"async\" width=\"75\" height=\"75\" class=\"alignnone wp-image-98 size-full\" src=\"http:\/\/fotodrustvo-kranj.si\/pokrajina\/wp-content\/uploads\/pdf-icon-png-17-Custom.png\" alt=\"\"> Zapisnik \u017eiriranja 2025 &#8211; nagrade<\/a><\/p>\n\n\n\n<p><strong>Rezultati 2023<\/strong><\/p>\n\n\n\n<p><a href=\"https:\/\/www.fotodrustvo-kranj.si\/pokrajina\/wp-content\/uploads\/POKRAJINA2023_rezultati_temaA.pdf\" target=\"_blank\" rel=\"noopener\"><img loading=\"lazy\" decoding=\"async\" class=\"alignnone wp-image-98 size-full\" src=\"http:\/\/fotodrustvo-kranj.si\/pokrajina\/wp-content\/uploads\/pdf-icon-png-17-Custom.png\" alt=\"\" width=\"75\" height=\"75\"><\/a><a href=\"https:\/\/www.fotodrustvo-kranj.si\/pokrajina\/wp-content\/uploads\/POKRAJINA2023_rezultati_temaA.pdf\" target=\"_blank\" rel=\"noopener\" data-wplink-edit=\"true\">Rezultati \u017eiriranja teme A &#8211; \u010drno bela krajina<\/a><\/p>\n\n\n\n<p><a href=\"https:\/\/www.fotodrustvo-kranj.si\/pokrajina\/wp-content\/uploads\/POKRAJINA2023_rezultati_temaB.pdf\" target=\"_blank\" rel=\"noopener\"><img loading=\"lazy\" decoding=\"async\" class=\"alignnone wp-image-98 size-full\" src=\"http:\/\/fotodrustvo-kranj.si\/pokrajina\/wp-content\/uploads\/pdf-icon-png-17-Custom.png\" alt=\"\" width=\"75\" height=\"75\"><\/a><a href=\"https:\/\/www.fotodrustvo-kranj.si\/pokrajina\/wp-content\/uploads\/POKRAJINA2023_rezultati_temaB.pdf\" target=\"_blank\" rel=\"noopener\">Rezultati \u017eiriranja teme B &#8211; barvna krajina<\/a><\/p>\n\n\n\n<p><a href=\"https:\/\/www.fotodrustvo-kranj.si\/pokrajina\/wp-content\/uploads\/Zapisnik-ziriranja-POKRAJINA-2023.pdf\" target=\"_blank\" rel=\"noopener\"><img loading=\"lazy\" decoding=\"async\" class=\"alignnone wp-image-98 size-full\" src=\"http:\/\/fotodrustvo-kranj.si\/pokrajina\/wp-content\/uploads\/pdf-icon-png-17-Custom.png\" alt=\"\" width=\"75\" height=\"75\">Zapisnik \u017eiriranja 2023 &#8211; nagrade<\/a><\/p>\n\n\n<p><strong>Rezultati 2021<\/strong><\/p>\n<p><a href=\"https:\/\/www.fotodrustvo-kranj.si\/pokrajina\/wp-content\/uploads\/POKRAJINA2021_rezultati_temaA.pdf\" target=\"_blank\" rel=\"noopener\"><img loading=\"lazy\" decoding=\"async\" class=\"alignnone wp-image-98 size-full\" src=\"http:\/\/fotodrustvo-kranj.si\/pokrajina\/wp-content\/uploads\/pdf-icon-png-17-Custom.png\" alt=\"\" width=\"75\" height=\"75\"><\/a><a href=\"https:\/\/www.fotodrustvo-kranj.si\/pokrajina\/wp-content\/uploads\/POKRAJINA2021_rezultati_temaA.pdf\" target=\"_blank\" rel=\"noopener\">Rezultati \u017eiriranja teme A &#8211; \u010drno bela krajina<\/a><\/p>\n<p><a href=\"https:\/\/www.fotodrustvo-kranj.si\/pokrajina\/wp-content\/uploads\/POKRAJINA2021_rezultati_temaB.pdf\" target=\"_blank\" rel=\"noopener\"><img loading=\"lazy\" decoding=\"async\" class=\"alignnone wp-image-98 size-full\" src=\"http:\/\/fotodrustvo-kranj.si\/pokrajina\/wp-content\/uploads\/pdf-icon-png-17-Custom.png\" alt=\"\" width=\"75\" height=\"75\"><\/a><a href=\"https:\/\/www.fotodrustvo-kranj.si\/pokrajina\/wp-content\/uploads\/POKRAJINA2021_rezultati_temaB.pdf\" target=\"_blank\" rel=\"noopener\">Rezultati \u017eiriranja teme B &#8211; barvna krajina<\/a><\/p>\n<p><a href=\"https:\/\/www.fotodrustvo-kranj.si\/pokrajina\/wp-content\/uploads\/Zapisnik_ziriranja_POKRAJINA_2021.pdf\" target=\"_blank\" rel=\"noopener\"><img loading=\"lazy\" decoding=\"async\" class=\"alignnone wp-image-98 size-full\" src=\"http:\/\/fotodrustvo-kranj.si\/pokrajina\/wp-content\/uploads\/pdf-icon-png-17-Custom.png\" alt=\"\" width=\"75\" height=\"75\"><\/a><a href=\"https:\/\/www.fotodrustvo-kranj.si\/pokrajina\/wp-content\/uploads\/Zapisnik_ziriranja_POKRAJINA_2021.pdf\" target=\"_blank\" rel=\"noopener\">Zapisnik \u017eiriranja 2021 &#8211; nagrade<\/a><\/p>\n<p><strong>Rezultati 2019<\/strong><\/p>\n<p><a href=\"http:\/\/fotodrustvo-kranj.si\/pokrajina\/wp-content\/uploads\/Pokrajina2019_RerultatiA.pdf\" target=\"_blank\" rel=\"noopener\"><img loading=\"lazy\" decoding=\"async\" class=\"alignnone wp-image-98 size-full\" src=\"http:\/\/fotodrustvo-kranj.si\/pokrajina\/wp-content\/uploads\/pdf-icon-png-17-Custom.png\" alt=\"\" width=\"75\" height=\"75\"><\/a>&nbsp; <a href=\"http:\/\/fotodrustvo-kranj.si\/pokrajina\/wp-content\/uploads\/Pokrajina2019_RerultatiA.pdf\" target=\"_blank\" rel=\"noopener\">Rezultati \u017eiriranja teme A &#8211; \u010drno bela krajina<\/a><\/p>\n<p><a href=\"http:\/\/fotodrustvo-kranj.si\/pokrajina\/wp-content\/uploads\/Pokrajina2019_RerultatiB.pdf\" target=\"_blank\" rel=\"noopener\"><img loading=\"lazy\" decoding=\"async\" class=\"alignnone wp-image-98 size-full\" src=\"http:\/\/fotodrustvo-kranj.si\/pokrajina\/wp-content\/uploads\/pdf-icon-png-17-Custom.png\" alt=\"\" width=\"75\" height=\"75\"><\/a>&nbsp; <a href=\"http:\/\/fotodrustvo-kranj.si\/pokrajina\/wp-content\/uploads\/Pokrajina2019_RerultatiB.pdf\" target=\"_blank\" rel=\"noopener\">Rezultati \u017eiriranja teme B &#8211; barvna krajina<\/a><\/p>\n<p><a href=\"http:\/\/fotodrustvo-kranj.si\/pokrajina\/wp-content\/uploads\/Pokrajina2019_RerultatiC.pdf\" target=\"_blank\" rel=\"noopener\"><img loading=\"lazy\" decoding=\"async\" class=\"alignnone wp-image-98 size-full\" src=\"http:\/\/fotodrustvo-kranj.si\/pokrajina\/wp-content\/uploads\/pdf-icon-png-17-Custom.png\" alt=\"\" width=\"75\" height=\"75\"><\/a>&nbsp; <a href=\"http:\/\/fotodrustvo-kranj.si\/pokrajina\/wp-content\/uploads\/Pokrajina2019_RerultatiC.pdf\">Rezultati \u017eiriranja teme C &#8211; pogled od zgoraj<\/a><\/p>\n<p><a href=\"http:\/\/fotodrustvo-kranj.si\/pokrajina\/wp-content\/uploads\/POKRAJINA_zapisnik_2019.pdf\" target=\"_blank\" rel=\"noopener\"><img loading=\"lazy\" decoding=\"async\" class=\"alignnone wp-image-98 size-full\" src=\"http:\/\/fotodrustvo-kranj.si\/pokrajina\/wp-content\/uploads\/pdf-icon-png-17-Custom.png\" alt=\"\" width=\"75\" height=\"75\"><\/a>&nbsp; <a href=\"http:\/\/fotodrustvo-kranj.si\/pokrajina\/wp-content\/uploads\/POKRAJINA_zapisnik_2019.pdf\" target=\"_blank\" rel=\"noopener\">Zapisnik \u017eiriranja &#8211; nagrade<\/a><\/p>\n<hr>\n<p><strong>Rezultati 2017<\/strong><\/p>\n<p><img loading=\"lazy\" decoding=\"async\" class=\"alignnone wp-image-98 size-full\" src=\"http:\/\/fotodrustvo-kranj.si\/pokrajina\/wp-content\/uploads\/pdf-icon-png-17-Custom.png\" alt=\"\" width=\"75\" height=\"75\"> <a href=\"http:\/\/fotodrustvo-kranj.si\/pokrajina\/wp-content\/uploads\/Rezultati_A.pdf\" target=\"_blank\" rel=\"noopener\">Rezultati \u017eiriranja teme A &#8211; \u010drno bela krajina<\/a><\/p>\n<p><img loading=\"lazy\" decoding=\"async\" class=\"alignnone wp-image-98 size-full\" src=\"http:\/\/fotodrustvo-kranj.si\/pokrajina\/wp-content\/uploads\/pdf-icon-png-17-Custom.png\" alt=\"\" width=\"75\" height=\"75\"><a href=\"http:\/\/fotodrustvo-kranj.si\/pokrajina\/wp-content\/uploads\/Rezultati_B.pdf\" target=\"_blank\" rel=\"noopener\">Rezultati \u017eiriranja teme B &#8211; barvna krajina<\/a><\/p>\n<p><img loading=\"lazy\" decoding=\"async\" class=\"alignnone wp-image-98 size-full\" src=\"http:\/\/fotodrustvo-kranj.si\/pokrajina\/wp-content\/uploads\/pdf-icon-png-17-Custom.png\" alt=\"\" width=\"75\" height=\"75\"><a href=\"http:\/\/fotodrustvo-kranj.si\/pokrajina\/wp-content\/uploads\/Zapisnik_nagrade.pdf\" target=\"_blank\" rel=\"noopener\">Zapisnik \u017eiriranja &#8211; nagrade<\/a><\/p>","protected":false},"excerpt":{"rendered":"<p>Rezultati 2025 Rezultati \u017eiriranja Pokrajine 2025 Rezultati \u017eiriranja Pokrajine 2025 (xlsx) Zapisnik \u017eiriranja 2025 &#8211; nagrade Rezultati 2023 Rezultati \u017eiriranja teme A &#8211; \u010drno bela krajina Rezultati \u017eiriranja teme B &#8211; barvna krajina Zapisnik \u017eiriranja 2023 &#8211; nagrade Rezultati 2021 Rezultati \u017eiriranja teme A &#8211; \u010drno bela krajina Rezultati \u017eiriranja teme B &#8211; barvna krajina &hellip; <\/p>\n<p class=\"link-more\"><a href=\"https:\/\/www.fotodrustvo-kranj.si\/pokrajina\/rezultati\/\" class=\"more-link\">Preberi ve\u010d<span class=\"screen-reader-text\"> &#8220;Rezultati&#8221;<\/span><\/a><\/p>\n","protected":false},"author":1,"featured_media":0,"parent":0,"menu_order":0,"comment_status":"closed","ping_status":"closed","template":"","meta":{"footnotes":""},"class_list":["post-42","page","type-page","status-publish","hentry"],"_links":{"self":[{"href":"https:\/\/www.fotodrustvo-kranj.si\/pokrajina\/wp-json\/wp\/v2\/pages\/42","targetHints":{"allow":["GET"]}}],"collection":[{"href":"https:\/\/www.fotodrustvo-kranj.si\/pokrajina\/wp-json\/wp\/v2\/pages"}],"about":[{"href":"https:\/\/www.fotodrustvo-kranj.si\/pokrajina\/wp-json\/wp\/v2\/types\/page"}],"author":[{"embeddable":true,"href":"https:\/\/www.fotodrustvo-kranj.si\/pokrajina\/wp-json\/wp\/v2\/users\/1"}],"replies":[{"embeddable":true,"href":"https:\/\/www.fotodrustvo-kranj.si\/pokrajina\/wp-json\/wp\/v2\/comments?post=42"}],"version-history":[{"count":17,"href":"https:\/\/www.fotodrustvo-kranj.si\/pokrajina\/wp-json\/wp\/v2\/pages\/42\/revisions"}],"predecessor-version":[{"id":427,"href":"https:\/\/www.fotodrustvo-kranj.si\/pokrajina\/wp-json\/wp\/v2\/pages\/42\/revisions\/427"}],"wp:attachment":[{"href":"https:\/\/www.fotodrustvo-kranj.si\/pokrajina\/wp-json\/wp\/v2\/media?parent=42"}],"curies":[{"name":"wp","href":"https:\/\/api.w.org\/{rel}","templated":true}]}}