{"id":46,"date":"2017-06-13T20:58:22","date_gmt":"2017-06-13T20:58:22","guid":{"rendered":"http:\/\/fotodrustvo-kranj.si\/pokrajina\/?page_id=46"},"modified":"2025-06-19T16:59:07","modified_gmt":"2025-06-19T14:59:07","slug":"koledar","status":"publish","type":"page","link":"https:\/\/www.fotodrustvo-kranj.si\/pokrajina\/koledar\/","title":{"rendered":"Koledar&#038;\u017eirija"},"content":{"rendered":"\n<figure class=\"wp-block-table\"><table><tbody><tr><td>Sprejem del<\/td><td>21.9.2025<\/td><\/tr><tr><td>\u017diriranje<\/td><td>4.10.2025<\/td><\/tr><tr><td>Obvestilo o \u017eiriranju&nbsp;<\/td><td>18.10.2025<\/td><\/tr><tr><td>Odprtje razstave<\/td><td>6.11.2025<\/td><\/tr><tr><td>Po\u0161iljanje katalogov<\/td><td>12.1.2026<\/td><\/tr><\/tbody><\/table><\/figure>\n\n\n\n<p><strong>\u017dirija<\/strong><\/p>\n\n\n\n<figure class=\"wp-block-table\"><table><tbody><tr><td>Predsednik &#8211; <strong>Janez Kramar<\/strong>, MF FZS<\/td><\/tr><tr><td>\u010clan &#8211; <strong>ddr. Damir Globo\u010dnik<\/strong>, um. zgodovinar<\/td><\/tr><tr><td>\u010clan- <strong>Milan Malovrh<\/strong>, MF FZS<\/td><\/tr><tr><td>\u010clan &#8211; <strong>Ale\u0161 Komovec<\/strong>, MF FZS<\/td><\/tr><\/tbody><\/table><\/figure>\n\n\n\n<p><\/p>\n","protected":false},"excerpt":{"rendered":"<p>Sprejem del 21.9.2025 \u017diriranje 4.10.2025 Obvestilo o \u017eiriranju&nbsp; 18.10.2025 Odprtje razstave 6.11.2025 Po\u0161iljanje katalogov 12.1.2026 \u017dirija Predsednik &#8211; Janez Kramar, MF FZS \u010clan &#8211; ddr. Damir Globo\u010dnik, um. zgodovinar \u010clan- Milan Malovrh, MF FZS \u010clan &#8211; Ale\u0161 Komovec, MF FZS<\/p>\n","protected":false},"author":1,"featured_media":0,"parent":0,"menu_order":0,"comment_status":"closed","ping_status":"closed","template":"","meta":{"footnotes":""},"class_list":["post-46","page","type-page","status-publish","hentry"],"_links":{"self":[{"href":"https:\/\/www.fotodrustvo-kranj.si\/pokrajina\/wp-json\/wp\/v2\/pages\/46","targetHints":{"allow":["GET"]}}],"collection":[{"href":"https:\/\/www.fotodrustvo-kranj.si\/pokrajina\/wp-json\/wp\/v2\/pages"}],"about":[{"href":"https:\/\/www.fotodrustvo-kranj.si\/pokrajina\/wp-json\/wp\/v2\/types\/page"}],"author":[{"embeddable":true,"href":"https:\/\/www.fotodrustvo-kranj.si\/pokrajina\/wp-json\/wp\/v2\/users\/1"}],"replies":[{"embeddable":true,"href":"https:\/\/www.fotodrustvo-kranj.si\/pokrajina\/wp-json\/wp\/v2\/comments?post=46"}],"version-history":[{"count":18,"href":"https:\/\/www.fotodrustvo-kranj.si\/pokrajina\/wp-json\/wp\/v2\/pages\/46\/revisions"}],"predecessor-version":[{"id":414,"href":"https:\/\/www.fotodrustvo-kranj.si\/pokrajina\/wp-json\/wp\/v2\/pages\/46\/revisions\/414"}],"wp:attachment":[{"href":"https:\/\/www.fotodrustvo-kranj.si\/pokrajina\/wp-json\/wp\/v2\/media?parent=46"}],"curies":[{"name":"wp","href":"https:\/\/api.w.org\/{rel}","templated":true}]}}